{"id":1858,"date":"2026-02-24T08:07:27","date_gmt":"2026-02-24T08:07:27","guid":{"rendered":"https:\/\/lemora.lt\/paslaugos\/?page_id=1858"},"modified":"2026-03-26T08:18:17","modified_gmt":"2026-03-26T08:18:17","slug":"karjera","status":"publish","type":"page","link":"https:\/\/lemora.lt\/paslaugos\/karjera\/","title":{"rendered":"Karjera"},"content":{"rendered":"","protected":false},"excerpt":{"rendered":"<p> [&#8230;]<\/p>\n<p><a class=\"btn btn-secondary understrap-read-more-link\" href=\"https:\/\/lemora.lt\/paslaugos\/karjera\/\">Read More&#8230;<\/a><\/p>\n","protected":false},"author":7,"featured_media":0,"parent":0,"menu_order":0,"comment_status":"closed","ping_status":"closed","template":"page-templates\/karjera.php","meta":{"inline_featured_image":false,"footnotes":""},"yoast_head":"<!-- This site is optimized with the Yoast SEO plugin v24.5 - https:\/\/yoast.com\/wordpress\/plugins\/seo\/ -->\n<title>Karjera - Lemora paslaugos<\/title>\n<meta name=\"description\" content=\"Lemora \u2013 viena did\u017eiausi\u0173 specializuot\u0173 statybini\u0173 med\u017eiag\u0173 prekybos \u012fmoni\u0173 Lietuvoje. Prisijunk prie m\u016bs\u0173 komandos, kurk savo karjer\u0105 stabilioje ir augan\u010dioje \u012fmon\u0117je.\" \/>\n<meta name=\"robots\" content=\"index, follow, max-snippet:-1, max-image-preview:large, max-video-preview:-1\" \/>\n<link rel=\"canonical\" href=\"https:\/\/lemora.lt\/paslaugos\/karjera\/\" \/>\n<meta property=\"og:locale\" content=\"en_US\" \/>\n<meta property=\"og:type\" content=\"article\" \/>\n<meta property=\"og:title\" content=\"Karjera - Lemora paslaugos\" \/>\n<meta property=\"og:description\" content=\"Lemora \u2013 viena did\u017eiausi\u0173 specializuot\u0173 statybini\u0173 med\u017eiag\u0173 prekybos \u012fmoni\u0173 Lietuvoje. Prisijunk prie m\u016bs\u0173 komandos, kurk savo karjer\u0105 stabilioje ir augan\u010dioje \u012fmon\u0117je.\" \/>\n<meta property=\"og:url\" content=\"https:\/\/lemora.lt\/paslaugos\/karjera\/\" \/>\n<meta property=\"og:site_name\" content=\"Lemora paslaugos\" \/>\n<meta property=\"article:modified_time\" content=\"2026-03-26T08:18:17+00:00\" \/>\n<meta name=\"twitter:card\" content=\"summary_large_image\" \/>\n<script type=\"application\/ld+json\" class=\"yoast-schema-graph\">{\"@context\":\"https:\/\/schema.org\",\"@graph\":[{\"@type\":\"WebPage\",\"@id\":\"https:\/\/lemora.lt\/paslaugos\/karjera\/\",\"url\":\"https:\/\/lemora.lt\/paslaugos\/karjera\/\",\"name\":\"Karjera - Lemora paslaugos\",\"isPartOf\":{\"@id\":\"https:\/\/lemora.lt\/paslaugos\/#website\"},\"datePublished\":\"2026-02-24T08:07:27+00:00\",\"dateModified\":\"2026-03-26T08:18:17+00:00\",\"description\":\"Lemora \u2013 viena did\u017eiausi\u0173 specializuot\u0173 statybini\u0173 med\u017eiag\u0173 prekybos \u012fmoni\u0173 Lietuvoje. Prisijunk prie m\u016bs\u0173 komandos, kurk savo karjer\u0105 stabilioje ir augan\u010dioje \u012fmon\u0117je.\",\"breadcrumb\":{\"@id\":\"https:\/\/lemora.lt\/paslaugos\/karjera\/#breadcrumb\"},\"inLanguage\":\"en-US\",\"potentialAction\":[{\"@type\":\"ReadAction\",\"target\":[\"https:\/\/lemora.lt\/paslaugos\/karjera\/\"]}]},{\"@type\":\"BreadcrumbList\",\"@id\":\"https:\/\/lemora.lt\/paslaugos\/karjera\/#breadcrumb\",\"itemListElement\":[{\"@type\":\"ListItem\",\"position\":1,\"name\":\"Home\",\"item\":\"https:\/\/lemora.lt\/paslaugos\/\"},{\"@type\":\"ListItem\",\"position\":2,\"name\":\"Karjera\"}]},{\"@type\":\"WebSite\",\"@id\":\"https:\/\/lemora.lt\/paslaugos\/#website\",\"url\":\"https:\/\/lemora.lt\/paslaugos\/\",\"name\":\"Lemora paslaugos\",\"description\":\"PROFESIONAL\u016aS SPRENDIMAI statantiems, renovuojantiems, \u012frengin\u0117jantiems\",\"publisher\":{\"@id\":\"https:\/\/lemora.lt\/paslaugos\/#organization\"},\"potentialAction\":[{\"@type\":\"SearchAction\",\"target\":{\"@type\":\"EntryPoint\",\"urlTemplate\":\"https:\/\/lemora.lt\/paslaugos\/?s={search_term_string}\"},\"query-input\":{\"@type\":\"PropertyValueSpecification\",\"valueRequired\":true,\"valueName\":\"search_term_string\"}}],\"inLanguage\":\"en-US\"},{\"@type\":\"Organization\",\"@id\":\"https:\/\/lemora.lt\/paslaugos\/#organization\",\"name\":\"Lemora paslaugos\",\"url\":\"https:\/\/lemora.lt\/paslaugos\/\",\"logo\":{\"@type\":\"ImageObject\",\"inLanguage\":\"en-US\",\"@id\":\"https:\/\/lemora.lt\/paslaugos\/#\/schema\/logo\/image\/\",\"url\":\"https:\/\/lemora.lt\/paslaugos\/wp-content\/uploads\/2020\/03\/lemora_logo.png\",\"contentUrl\":\"https:\/\/lemora.lt\/paslaugos\/wp-content\/uploads\/2020\/03\/lemora_logo.png\",\"width\":358,\"height\":126,\"caption\":\"Lemora paslaugos\"},\"image\":{\"@id\":\"https:\/\/lemora.lt\/paslaugos\/#\/schema\/logo\/image\/\"}}]}<\/script>\n<!-- \/ Yoast SEO plugin. -->","yoast_head_json":{"title":"Karjera - Lemora paslaugos","description":"Lemora \u2013 viena did\u017eiausi\u0173 specializuot\u0173 statybini\u0173 med\u017eiag\u0173 prekybos \u012fmoni\u0173 Lietuvoje. Prisijunk prie m\u016bs\u0173 komandos, kurk savo karjer\u0105 stabilioje ir augan\u010dioje \u012fmon\u0117je.","robots":{"index":"index","follow":"follow","max-snippet":"max-snippet:-1","max-image-preview":"max-image-preview:large","max-video-preview":"max-video-preview:-1"},"canonical":"https:\/\/lemora.lt\/paslaugos\/karjera\/","og_locale":"en_US","og_type":"article","og_title":"Karjera - Lemora paslaugos","og_description":"Lemora \u2013 viena did\u017eiausi\u0173 specializuot\u0173 statybini\u0173 med\u017eiag\u0173 prekybos \u012fmoni\u0173 Lietuvoje. Prisijunk prie m\u016bs\u0173 komandos, kurk savo karjer\u0105 stabilioje ir augan\u010dioje \u012fmon\u0117je.","og_url":"https:\/\/lemora.lt\/paslaugos\/karjera\/","og_site_name":"Lemora paslaugos","article_modified_time":"2026-03-26T08:18:17+00:00","twitter_card":"summary_large_image","schema":{"@context":"https:\/\/schema.org","@graph":[{"@type":"WebPage","@id":"https:\/\/lemora.lt\/paslaugos\/karjera\/","url":"https:\/\/lemora.lt\/paslaugos\/karjera\/","name":"Karjera - Lemora paslaugos","isPartOf":{"@id":"https:\/\/lemora.lt\/paslaugos\/#website"},"datePublished":"2026-02-24T08:07:27+00:00","dateModified":"2026-03-26T08:18:17+00:00","description":"Lemora \u2013 viena did\u017eiausi\u0173 specializuot\u0173 statybini\u0173 med\u017eiag\u0173 prekybos \u012fmoni\u0173 Lietuvoje. Prisijunk prie m\u016bs\u0173 komandos, kurk savo karjer\u0105 stabilioje ir augan\u010dioje \u012fmon\u0117je.","breadcrumb":{"@id":"https:\/\/lemora.lt\/paslaugos\/karjera\/#breadcrumb"},"inLanguage":"en-US","potentialAction":[{"@type":"ReadAction","target":["https:\/\/lemora.lt\/paslaugos\/karjera\/"]}]},{"@type":"BreadcrumbList","@id":"https:\/\/lemora.lt\/paslaugos\/karjera\/#breadcrumb","itemListElement":[{"@type":"ListItem","position":1,"name":"Home","item":"https:\/\/lemora.lt\/paslaugos\/"},{"@type":"ListItem","position":2,"name":"Karjera"}]},{"@type":"WebSite","@id":"https:\/\/lemora.lt\/paslaugos\/#website","url":"https:\/\/lemora.lt\/paslaugos\/","name":"Lemora paslaugos","description":"PROFESIONAL\u016aS SPRENDIMAI statantiems, renovuojantiems, \u012frengin\u0117jantiems","publisher":{"@id":"https:\/\/lemora.lt\/paslaugos\/#organization"},"potentialAction":[{"@type":"SearchAction","target":{"@type":"EntryPoint","urlTemplate":"https:\/\/lemora.lt\/paslaugos\/?s={search_term_string}"},"query-input":{"@type":"PropertyValueSpecification","valueRequired":true,"valueName":"search_term_string"}}],"inLanguage":"en-US"},{"@type":"Organization","@id":"https:\/\/lemora.lt\/paslaugos\/#organization","name":"Lemora paslaugos","url":"https:\/\/lemora.lt\/paslaugos\/","logo":{"@type":"ImageObject","inLanguage":"en-US","@id":"https:\/\/lemora.lt\/paslaugos\/#\/schema\/logo\/image\/","url":"https:\/\/lemora.lt\/paslaugos\/wp-content\/uploads\/2020\/03\/lemora_logo.png","contentUrl":"https:\/\/lemora.lt\/paslaugos\/wp-content\/uploads\/2020\/03\/lemora_logo.png","width":358,"height":126,"caption":"Lemora paslaugos"},"image":{"@id":"https:\/\/lemora.lt\/paslaugos\/#\/schema\/logo\/image\/"}}]}},"_links":{"self":[{"href":"https:\/\/lemora.lt\/paslaugos\/wp-json\/wp\/v2\/pages\/1858"}],"collection":[{"href":"https:\/\/lemora.lt\/paslaugos\/wp-json\/wp\/v2\/pages"}],"about":[{"href":"https:\/\/lemora.lt\/paslaugos\/wp-json\/wp\/v2\/types\/page"}],"author":[{"embeddable":true,"href":"https:\/\/lemora.lt\/paslaugos\/wp-json\/wp\/v2\/users\/7"}],"replies":[{"embeddable":true,"href":"https:\/\/lemora.lt\/paslaugos\/wp-json\/wp\/v2\/comments?post=1858"}],"version-history":[{"count":28,"href":"https:\/\/lemora.lt\/paslaugos\/wp-json\/wp\/v2\/pages\/1858\/revisions"}],"predecessor-version":[{"id":1914,"href":"https:\/\/lemora.lt\/paslaugos\/wp-json\/wp\/v2\/pages\/1858\/revisions\/1914"}],"wp:attachment":[{"href":"https:\/\/lemora.lt\/paslaugos\/wp-json\/wp\/v2\/media?parent=1858"}],"curies":[{"name":"wp","href":"https:\/\/api.w.org\/{rel}","templated":true}]}}