{"id":1736,"date":"2021-08-04T08:32:10","date_gmt":"2021-08-04T08:32:10","guid":{"rendered":"https:\/\/lemora.lt\/paslaugos\/?page_id=1736"},"modified":"2024-07-15T11:42:08","modified_gmt":"2024-07-15T11:42:08","slug":"pasiulymas","status":"publish","type":"page","link":"https:\/\/lemora.lt\/paslaugos\/pasiulymas\/","title":{"rendered":"Pasi\u016blymas"},"content":{"rendered":"","protected":false},"excerpt":{"rendered":"<p> [&#8230;]<\/p>\n<p><a class=\"btn btn-secondary understrap-read-more-link\" href=\"https:\/\/lemora.lt\/paslaugos\/pasiulymas\/\">Read More&#8230;<\/a><\/p>\n","protected":false},"author":1,"featured_media":1807,"parent":0,"menu_order":0,"comment_status":"closed","ping_status":"closed","template":"page-templates\/pasiulymas.php","meta":{"inline_featured_image":false,"footnotes":""},"yoast_head":"<!-- This site is optimized with the Yoast SEO plugin v24.5 - https:\/\/yoast.com\/wordpress\/plugins\/seo\/ -->\n<title>Pasi\u016blymas - Lemora paslaugos<\/title>\n<meta name=\"robots\" content=\"noindex, nofollow\" \/>\n<meta property=\"og:locale\" content=\"en_US\" \/>\n<meta property=\"og:type\" content=\"article\" \/>\n<meta property=\"og:title\" content=\"Pasi\u016blymas - Lemora paslaugos\" \/>\n<meta property=\"og:description\" content=\"[...]Read More...\" \/>\n<meta property=\"og:url\" content=\"https:\/\/lemora.lt\/paslaugos\/pasiulymas\/\" \/>\n<meta property=\"og:site_name\" content=\"Lemora paslaugos\" \/>\n<meta property=\"article:modified_time\" content=\"2024-07-15T11:42:08+00:00\" \/>\n<meta property=\"og:image\" content=\"https:\/\/lemora.lt\/paslaugos\/wp-content\/uploads\/2024\/07\/baneriai-dydziai-samata-2-1900x680-1.jpg\" \/>\n\t<meta property=\"og:image:width\" content=\"1900\" \/>\n\t<meta property=\"og:image:height\" content=\"680\" \/>\n\t<meta property=\"og:image:type\" content=\"image\/jpeg\" \/>\n<meta name=\"twitter:card\" content=\"summary_large_image\" \/>\n<meta name=\"twitter:label1\" content=\"Est. reading time\" \/>\n\t<meta name=\"twitter:data1\" content=\"1 minute\" \/>\n<script type=\"application\/ld+json\" class=\"yoast-schema-graph\">{\"@context\":\"https:\/\/schema.org\",\"@graph\":[{\"@type\":\"WebPage\",\"@id\":\"https:\/\/lemora.lt\/paslaugos\/pasiulymas\/\",\"url\":\"https:\/\/lemora.lt\/paslaugos\/pasiulymas\/\",\"name\":\"Pasi\u016blymas - Lemora paslaugos\",\"isPartOf\":{\"@id\":\"https:\/\/lemora.lt\/paslaugos\/#website\"},\"primaryImageOfPage\":{\"@id\":\"https:\/\/lemora.lt\/paslaugos\/pasiulymas\/#primaryimage\"},\"image\":{\"@id\":\"https:\/\/lemora.lt\/paslaugos\/pasiulymas\/#primaryimage\"},\"thumbnailUrl\":\"https:\/\/lemora.lt\/paslaugos\/wp-content\/uploads\/2024\/07\/baneriai-dydziai-samata-2-1900x680-1.jpg\",\"datePublished\":\"2021-08-04T08:32:10+00:00\",\"dateModified\":\"2024-07-15T11:42:08+00:00\",\"breadcrumb\":{\"@id\":\"https:\/\/lemora.lt\/paslaugos\/pasiulymas\/#breadcrumb\"},\"inLanguage\":\"en-US\",\"potentialAction\":[{\"@type\":\"ReadAction\",\"target\":[\"https:\/\/lemora.lt\/paslaugos\/pasiulymas\/\"]}]},{\"@type\":\"ImageObject\",\"inLanguage\":\"en-US\",\"@id\":\"https:\/\/lemora.lt\/paslaugos\/pasiulymas\/#primaryimage\",\"url\":\"https:\/\/lemora.lt\/paslaugos\/wp-content\/uploads\/2024\/07\/baneriai-dydziai-samata-2-1900x680-1.jpg\",\"contentUrl\":\"https:\/\/lemora.lt\/paslaugos\/wp-content\/uploads\/2024\/07\/baneriai-dydziai-samata-2-1900x680-1.jpg\",\"width\":1900,\"height\":680},{\"@type\":\"BreadcrumbList\",\"@id\":\"https:\/\/lemora.lt\/paslaugos\/pasiulymas\/#breadcrumb\",\"itemListElement\":[{\"@type\":\"ListItem\",\"position\":1,\"name\":\"Home\",\"item\":\"https:\/\/lemora.lt\/paslaugos\/\"},{\"@type\":\"ListItem\",\"position\":2,\"name\":\"Pasi\u016blymas\"}]},{\"@type\":\"WebSite\",\"@id\":\"https:\/\/lemora.lt\/paslaugos\/#website\",\"url\":\"https:\/\/lemora.lt\/paslaugos\/\",\"name\":\"Lemora paslaugos\",\"description\":\"PROFESIONAL\u016aS SPRENDIMAI statantiems, renovuojantiems, \u012frengin\u0117jantiems\",\"publisher\":{\"@id\":\"https:\/\/lemora.lt\/paslaugos\/#organization\"},\"potentialAction\":[{\"@type\":\"SearchAction\",\"target\":{\"@type\":\"EntryPoint\",\"urlTemplate\":\"https:\/\/lemora.lt\/paslaugos\/?s={search_term_string}\"},\"query-input\":{\"@type\":\"PropertyValueSpecification\",\"valueRequired\":true,\"valueName\":\"search_term_string\"}}],\"inLanguage\":\"en-US\"},{\"@type\":\"Organization\",\"@id\":\"https:\/\/lemora.lt\/paslaugos\/#organization\",\"name\":\"Lemora paslaugos\",\"url\":\"https:\/\/lemora.lt\/paslaugos\/\",\"logo\":{\"@type\":\"ImageObject\",\"inLanguage\":\"en-US\",\"@id\":\"https:\/\/lemora.lt\/paslaugos\/#\/schema\/logo\/image\/\",\"url\":\"https:\/\/lemora.lt\/paslaugos\/wp-content\/uploads\/2020\/03\/lemora_logo.png\",\"contentUrl\":\"https:\/\/lemora.lt\/paslaugos\/wp-content\/uploads\/2020\/03\/lemora_logo.png\",\"width\":358,\"height\":126,\"caption\":\"Lemora paslaugos\"},\"image\":{\"@id\":\"https:\/\/lemora.lt\/paslaugos\/#\/schema\/logo\/image\/\"}}]}<\/script>\n<!-- \/ Yoast SEO plugin. -->","yoast_head_json":{"title":"Pasi\u016blymas - Lemora paslaugos","robots":{"index":"noindex","follow":"nofollow"},"og_locale":"en_US","og_type":"article","og_title":"Pasi\u016blymas - Lemora paslaugos","og_description":"[...]Read More...","og_url":"https:\/\/lemora.lt\/paslaugos\/pasiulymas\/","og_site_name":"Lemora paslaugos","article_modified_time":"2024-07-15T11:42:08+00:00","og_image":[{"width":1900,"height":680,"url":"https:\/\/lemora.lt\/paslaugos\/wp-content\/uploads\/2024\/07\/baneriai-dydziai-samata-2-1900x680-1.jpg","type":"image\/jpeg"}],"twitter_card":"summary_large_image","twitter_misc":{"Est. reading time":"1 minute"},"schema":{"@context":"https:\/\/schema.org","@graph":[{"@type":"WebPage","@id":"https:\/\/lemora.lt\/paslaugos\/pasiulymas\/","url":"https:\/\/lemora.lt\/paslaugos\/pasiulymas\/","name":"Pasi\u016blymas - Lemora paslaugos","isPartOf":{"@id":"https:\/\/lemora.lt\/paslaugos\/#website"},"primaryImageOfPage":{"@id":"https:\/\/lemora.lt\/paslaugos\/pasiulymas\/#primaryimage"},"image":{"@id":"https:\/\/lemora.lt\/paslaugos\/pasiulymas\/#primaryimage"},"thumbnailUrl":"https:\/\/lemora.lt\/paslaugos\/wp-content\/uploads\/2024\/07\/baneriai-dydziai-samata-2-1900x680-1.jpg","datePublished":"2021-08-04T08:32:10+00:00","dateModified":"2024-07-15T11:42:08+00:00","breadcrumb":{"@id":"https:\/\/lemora.lt\/paslaugos\/pasiulymas\/#breadcrumb"},"inLanguage":"en-US","potentialAction":[{"@type":"ReadAction","target":["https:\/\/lemora.lt\/paslaugos\/pasiulymas\/"]}]},{"@type":"ImageObject","inLanguage":"en-US","@id":"https:\/\/lemora.lt\/paslaugos\/pasiulymas\/#primaryimage","url":"https:\/\/lemora.lt\/paslaugos\/wp-content\/uploads\/2024\/07\/baneriai-dydziai-samata-2-1900x680-1.jpg","contentUrl":"https:\/\/lemora.lt\/paslaugos\/wp-content\/uploads\/2024\/07\/baneriai-dydziai-samata-2-1900x680-1.jpg","width":1900,"height":680},{"@type":"BreadcrumbList","@id":"https:\/\/lemora.lt\/paslaugos\/pasiulymas\/#breadcrumb","itemListElement":[{"@type":"ListItem","position":1,"name":"Home","item":"https:\/\/lemora.lt\/paslaugos\/"},{"@type":"ListItem","position":2,"name":"Pasi\u016blymas"}]},{"@type":"WebSite","@id":"https:\/\/lemora.lt\/paslaugos\/#website","url":"https:\/\/lemora.lt\/paslaugos\/","name":"Lemora paslaugos","description":"PROFESIONAL\u016aS SPRENDIMAI statantiems, renovuojantiems, \u012frengin\u0117jantiems","publisher":{"@id":"https:\/\/lemora.lt\/paslaugos\/#organization"},"potentialAction":[{"@type":"SearchAction","target":{"@type":"EntryPoint","urlTemplate":"https:\/\/lemora.lt\/paslaugos\/?s={search_term_string}"},"query-input":{"@type":"PropertyValueSpecification","valueRequired":true,"valueName":"search_term_string"}}],"inLanguage":"en-US"},{"@type":"Organization","@id":"https:\/\/lemora.lt\/paslaugos\/#organization","name":"Lemora paslaugos","url":"https:\/\/lemora.lt\/paslaugos\/","logo":{"@type":"ImageObject","inLanguage":"en-US","@id":"https:\/\/lemora.lt\/paslaugos\/#\/schema\/logo\/image\/","url":"https:\/\/lemora.lt\/paslaugos\/wp-content\/uploads\/2020\/03\/lemora_logo.png","contentUrl":"https:\/\/lemora.lt\/paslaugos\/wp-content\/uploads\/2020\/03\/lemora_logo.png","width":358,"height":126,"caption":"Lemora paslaugos"},"image":{"@id":"https:\/\/lemora.lt\/paslaugos\/#\/schema\/logo\/image\/"}}]}},"_links":{"self":[{"href":"https:\/\/lemora.lt\/paslaugos\/wp-json\/wp\/v2\/pages\/1736"}],"collection":[{"href":"https:\/\/lemora.lt\/paslaugos\/wp-json\/wp\/v2\/pages"}],"about":[{"href":"https:\/\/lemora.lt\/paslaugos\/wp-json\/wp\/v2\/types\/page"}],"author":[{"embeddable":true,"href":"https:\/\/lemora.lt\/paslaugos\/wp-json\/wp\/v2\/users\/1"}],"replies":[{"embeddable":true,"href":"https:\/\/lemora.lt\/paslaugos\/wp-json\/wp\/v2\/comments?post=1736"}],"version-history":[{"count":1,"href":"https:\/\/lemora.lt\/paslaugos\/wp-json\/wp\/v2\/pages\/1736\/revisions"}],"predecessor-version":[{"id":1737,"href":"https:\/\/lemora.lt\/paslaugos\/wp-json\/wp\/v2\/pages\/1736\/revisions\/1737"}],"wp:featuredmedia":[{"embeddable":true,"href":"https:\/\/lemora.lt\/paslaugos\/wp-json\/wp\/v2\/media\/1807"}],"wp:attachment":[{"href":"https:\/\/lemora.lt\/paslaugos\/wp-json\/wp\/v2\/media?parent=1736"}],"curies":[{"name":"wp","href":"https:\/\/api.w.org\/{rel}","templated":true}]}}